{"id":159,"date":"2025-03-15T12:47:52","date_gmt":"2025-03-15T12:47:52","guid":{"rendered":"https:\/\/chocina.pl\/?page_id=159"},"modified":"2025-03-15T12:53:00","modified_gmt":"2025-03-15T12:53:00","slug":"kajaki-promocja","status":"publish","type":"page","link":"https:\/\/chocina.pl\/index.php\/kajaki-promocja\/","title":{"rendered":"Kajaki promocja"},"content":{"rendered":"\n<div class=\"wp-block-group alignfull has-global-padding is-layout-constrained wp-container-core-group-is-layout-1 wp-block-group-is-layout-constrained\" style=\"margin-top:0;margin-bottom:0;padding-top:var(--wp--preset--spacing--50);padding-right:var(--wp--preset--spacing--50);padding-bottom:var(--wp--preset--spacing--50);padding-left:var(--wp--preset--spacing--50)\">\n<div class=\"wp-block-columns alignwide are-vertically-aligned-center is-layout-flex wp-container-core-columns-is-layout-1 wp-block-columns-is-layout-flex\">\n<div class=\"wp-block-column is-vertically-aligned-center is-layout-flow wp-block-column-is-layout-flow\" style=\"flex-basis:50%\">\n<h2 class=\"wp-block-heading\">Najlepsze kajaki<\/h2>\n\n\n\n<p>Kajaki polietylenowe Finder, Family i Rapid<\/p>\n\n\n\n<p>Jako producent kajak\u00f3w polietylenowych dla naszych klient\u00f3w oferujemy dodatkowe rabaty na kajaki naszej produkcji &#8211; na has\u0142o Chocina.pl &#8211; 5% rabatu<\/p>\n\n\n\n<p>Nasze kajaki :<\/p>\n\n\n\n<ul style=\"line-height:1.75\" class=\"wp-block-list is-style-checkmark-list\">\n<li><strong>zaprojektowane z my\u015bl\u0105 o komforcie i ergonomii<\/strong><\/li>\n\n\n\n<li><strong>trwa\u0142e i bezpieczne \u2013 odporne na uderzenia i intensywn\u0105 eksploatacj\u0119<\/strong><\/li>\n\n\n\n<li><strong>Kompleksowe dodatkowe wyposa\u017cenie<\/strong><\/li>\n<\/ul>\n\n\n\n<div class=\"wp-block-buttons is-layout-flex wp-block-buttons-is-layout-flex\">\n<div class=\"wp-block-button\"><a class=\"wp-block-button__link wp-element-button\" href=\"https:\/\/www.superkajaki.pl\/\" target=\"_blank\" rel=\"noreferrer noopener\">tel. 601 945 219<\/a><\/div>\n\n\n\n<div class=\"wp-block-button is-style-outline is-style-outline--1\"><a class=\"wp-block-button__link wp-element-button\">zobacz wi\u0119cej<\/a><\/div>\n<\/div>\n<\/div>\n\n\n\n<div class=\"wp-block-column is-vertically-aligned-center is-layout-flow wp-block-column-is-layout-flow\" style=\"flex-basis:50%\">\n<figure class=\"wp-block-image size-full is-style-rounded is-style-rounded--2\"><img loading=\"lazy\" decoding=\"async\" width=\"1464\" height=\"769\" src=\"https:\/\/chocina.pl\/wp-content\/uploads\/2025\/03\/superkajaki_pl.jpg\" alt=\"kajak  rodzinny winner\" class=\"wp-image-127\" style=\"aspect-ratio:4\/3;object-fit:cover\" srcset=\"https:\/\/chocina.pl\/wp-content\/uploads\/2025\/03\/superkajaki_pl.jpg 1464w, https:\/\/chocina.pl\/wp-content\/uploads\/2025\/03\/superkajaki_pl-300x158.jpg 300w, https:\/\/chocina.pl\/wp-content\/uploads\/2025\/03\/superkajaki_pl-1024x538.jpg 1024w, https:\/\/chocina.pl\/wp-content\/uploads\/2025\/03\/superkajaki_pl-768x403.jpg 768w\" sizes=\"auto, (max-width: 1464px) 100vw, 1464px\" \/><\/figure>\n<\/div>\n<\/div>\n<\/div>\n","protected":false},"excerpt":{"rendered":"<p>Najlepsze kajaki Kajaki polietylenowe Finder, Family i Rapid Jako producent kajak\u00f3w polietylenowych dla naszych klient\u00f3w oferujemy dodatkowe rabaty na kajaki naszej produkcji &#8211; na has\u0142o Chocina.pl &#8211; 5% rabatu Nasze kajaki :<\/p>\n","protected":false},"author":1,"featured_media":0,"parent":0,"menu_order":0,"comment_status":"closed","ping_status":"closed","template":"","meta":{"footnotes":""},"class_list":["post-159","page","type-page","status-publish","hentry"],"_links":{"self":[{"href":"https:\/\/chocina.pl\/index.php\/wp-json\/wp\/v2\/pages\/159","targetHints":{"allow":["GET"]}}],"collection":[{"href":"https:\/\/chocina.pl\/index.php\/wp-json\/wp\/v2\/pages"}],"about":[{"href":"https:\/\/chocina.pl\/index.php\/wp-json\/wp\/v2\/types\/page"}],"author":[{"embeddable":true,"href":"https:\/\/chocina.pl\/index.php\/wp-json\/wp\/v2\/users\/1"}],"replies":[{"embeddable":true,"href":"https:\/\/chocina.pl\/index.php\/wp-json\/wp\/v2\/comments?post=159"}],"version-history":[{"count":6,"href":"https:\/\/chocina.pl\/index.php\/wp-json\/wp\/v2\/pages\/159\/revisions"}],"predecessor-version":[{"id":166,"href":"https:\/\/chocina.pl\/index.php\/wp-json\/wp\/v2\/pages\/159\/revisions\/166"}],"wp:attachment":[{"href":"https:\/\/chocina.pl\/index.php\/wp-json\/wp\/v2\/media?parent=159"}],"curies":[{"name":"wp","href":"https:\/\/api.w.org\/{rel}","templated":true}]}}